{"id":2,"date":"2016-08-23T12:32:02","date_gmt":"2016-08-23T10:32:02","guid":{"rendered":""},"modified":"2016-09-05T08:47:35","modified_gmt":"2016-09-05T06:47:35","slug":"beispiel-seite","status":"publish","type":"page","link":"https:\/\/www.zuhause-pflegen.at\/?page_id=2","title":{"rendered":"Dienstleistung"},"content":{"rendered":"<h2>Die Dienstleistungen der Pflegerin beinhalten:<\/h2>\n<h5>Haushaltsnahe Leistungen:<\/h5>\n<ul>\n<li>Zubereitung von Mahlzeiten<\/li>\n<li>Erledigung von Besorgungen<\/li>\n<li>Reinigungst\u00e4tigkeiten<\/li>\n<li>Betreuung von Haustieren und<\/li>\n<li>Pflanzenpflege<\/li>\n<li>W\u00e4scheversorgung (Waschen, B\u00fcgeln,Ausbessern&#8230;)<\/li>\n<\/ul>\n<h5>Unterst\u00fctzung bei der Lebensf\u00fchrung:<\/h5>\n<ul>\n<li>Gestaltung des Tagesablaufes<\/li>\n<li>Unterst\u00fctzung\/Durchf\u00fchrung K\u00f6rperpflege<\/li>\n<li>Hilfestellung bei allt\u00e4glichen Verrichtungen etc.<\/li>\n<\/ul>\n<h5><strong>Gesellschafterfunktion:<\/strong><\/h5>\n<ul>\n<li>Gesellschaft leisten<\/li>\n<li>F\u00fchren von Konservation<\/li>\n<li>Aufrechterhaltung gesellschaftlicher Kontakte<\/li>\n<li>Begleitung bei diversen Aktivit\u00e4ten&#8230;<\/li>\n<\/ul>\n<h5>F\u00fchrung eines Haushaltsbuches<\/h5>\n<ul>\n<li>Aufzeichnungen \u00fcber get\u00e4tigte Ausgaben \u2013 f\u00fcr die betreute Person<\/li>\n<\/ul>\n","protected":false},"excerpt":{"rendered":"<p>Die Dienstleistungen der Pflegerin beinhalten: Haushaltsnahe Leistungen: Zubereitung von Mahlzeiten Erledigung von Besorgungen Reinigungst\u00e4tigkeiten Betreuung von Haustieren und Pflanzenpflege W\u00e4scheversorgung (Waschen, B\u00fcgeln,Ausbessern&#8230;) Unterst\u00fctzung bei der Lebensf\u00fchrung: Gestaltung des Tagesablaufes Unterst\u00fctzung\/Durchf\u00fchrung [&hellip;]<\/p>\n","protected":false},"author":1,"featured_media":0,"parent":0,"menu_order":0,"comment_status":"closed","ping_status":"open","template":"","meta":{"footnotes":""},"class_list":["post-2","page","type-page","status-publish","hentry"],"aioseo_notices":[],"amp_enabled":true,"_links":{"self":[{"href":"https:\/\/www.zuhause-pflegen.at\/index.php?rest_route=\/wp\/v2\/pages\/2","targetHints":{"allow":["GET"]}}],"collection":[{"href":"https:\/\/www.zuhause-pflegen.at\/index.php?rest_route=\/wp\/v2\/pages"}],"about":[{"href":"https:\/\/www.zuhause-pflegen.at\/index.php?rest_route=\/wp\/v2\/types\/page"}],"author":[{"embeddable":true,"href":"https:\/\/www.zuhause-pflegen.at\/index.php?rest_route=\/wp\/v2\/users\/1"}],"replies":[{"embeddable":true,"href":"https:\/\/www.zuhause-pflegen.at\/index.php?rest_route=%2Fwp%2Fv2%2Fcomments&post=2"}],"version-history":[{"count":7,"href":"https:\/\/www.zuhause-pflegen.at\/index.php?rest_route=\/wp\/v2\/pages\/2\/revisions"}],"predecessor-version":[{"id":52,"href":"https:\/\/www.zuhause-pflegen.at\/index.php?rest_route=\/wp\/v2\/pages\/2\/revisions\/52"}],"wp:attachment":[{"href":"https:\/\/www.zuhause-pflegen.at\/index.php?rest_route=%2Fwp%2Fv2%2Fmedia&parent=2"}],"curies":[{"name":"wp","href":"https:\/\/api.w.org\/{rel}","templated":true}]}}