{"id":26,"date":"2016-09-05T07:59:24","date_gmt":"2016-09-05T05:59:24","guid":{"rendered":"http:\/\/www.zuhause-pflegen.at\/?page_id=26"},"modified":"2024-05-08T09:12:07","modified_gmt":"2024-05-08T07:12:07","slug":"kosten","status":"publish","type":"page","link":"https:\/\/www.zuhause-pflegen.at\/?page_id=26","title":{"rendered":"Ablauf"},"content":{"rendered":"<h5>Vertrag<\/h5>\n<p>Zwischen der zu pflegenden Person bzw. dem gesetzlichen Vertreter wird ein schriftlicher Vermittlungsvertrag abgeschlossen.<\/p>\n<h5>Verschwiegenheit<\/h5>\n<p>Die Pflegerin ist zur VERSCHWIEGENHEIT \u00fcber alle \u2013 ihr in Aus\u00fcbung ihrer T\u00e4tigkeit bekannt gewordenen oder anvertrauten Angelegenheiten \u2013 verpflichtet!!!<\/p>\n<h5>Tagsatz<\/h5>\n<p>Die Pflegekraft erh\u00e4lt einen Tagsatz ab \u20ac 70,00,\u00a0 dies ist abh\u00e4ngig von Pflegestufe und Pflegebedarf.<\/p>\n<h5>Sozialversicherung<\/h5>\n<p>Das Pflegepersonal ist selbstverst\u00e4ndlich angemeldet. Die Sozialversicherung tr\u00e4gt die Pflegerin allein, da sie auf selbstst\u00e4ndiger Basis arbeitet.<\/p>\n<h5>Geb\u00fchren<\/h5>\n<p>F\u00fcr die Vermittlung ist eine <u>einmalige<\/u> Geb\u00fchr von \u20ac 450,00 an die Agentur zu entrichten.<\/p>\n<p>F\u00fcr den Verwaltungsaufwand (Ab- u. Anmeldung, F\u00f6rderungen stellen, Hausbesuche, Boteng\u00e4nge etc.) wird eine monatliche Agenturgeb\u00fchr von \u20ac 160,00\/Monat verrechnet (abh\u00e4ngig vom Entfernung und Leistungsumfang).<\/p>\n<p>F\u00fcr den Transport des Pflegepersonals zum Einsatzort, wird eine Transportgeb\u00fchr ab \u20ac 140,00 berechnet ( abh\u00e4ngig von der Entfernung).<\/p>\n<h5>F\u00f6rderung<\/h5>\n<p>Die zu betreuende Person erh\u00e4lt eine staatliche F\u00f6rderung in der H\u00f6he von \u20ac 800,-\/Monat ab Pflegestufe 3.<\/p>\n<h5 style=\"text-align: center;\">Bei weiteren Fragen stehe ich nat\u00fcrlich gerne zur Verf\u00fcgung E-Mail: karin@zuhause-pflegen.at<br \/>\nMobil: 0676 63 89 370<\/h5>\n","protected":false},"excerpt":{"rendered":"<p>Vertrag Zwischen der zu pflegenden Person bzw. dem gesetzlichen Vertreter wird ein schriftlicher Vermittlungsvertrag abgeschlossen. Verschwiegenheit Die Pflegerin ist zur VERSCHWIEGENHEIT \u00fcber alle \u2013 ihr in Aus\u00fcbung ihrer T\u00e4tigkeit bekannt [&hellip;]<\/p>\n","protected":false},"author":1,"featured_media":0,"parent":0,"menu_order":0,"comment_status":"closed","ping_status":"closed","template":"","meta":{"footnotes":""},"class_list":["post-26","page","type-page","status-publish","hentry"],"aioseo_notices":[],"amp_enabled":true,"_links":{"self":[{"href":"https:\/\/www.zuhause-pflegen.at\/index.php?rest_route=\/wp\/v2\/pages\/26","targetHints":{"allow":["GET"]}}],"collection":[{"href":"https:\/\/www.zuhause-pflegen.at\/index.php?rest_route=\/wp\/v2\/pages"}],"about":[{"href":"https:\/\/www.zuhause-pflegen.at\/index.php?rest_route=\/wp\/v2\/types\/page"}],"author":[{"embeddable":true,"href":"https:\/\/www.zuhause-pflegen.at\/index.php?rest_route=\/wp\/v2\/users\/1"}],"replies":[{"embeddable":true,"href":"https:\/\/www.zuhause-pflegen.at\/index.php?rest_route=%2Fwp%2Fv2%2Fcomments&post=26"}],"version-history":[{"count":24,"href":"https:\/\/www.zuhause-pflegen.at\/index.php?rest_route=\/wp\/v2\/pages\/26\/revisions"}],"predecessor-version":[{"id":74,"href":"https:\/\/www.zuhause-pflegen.at\/index.php?rest_route=\/wp\/v2\/pages\/26\/revisions\/74"}],"wp:attachment":[{"href":"https:\/\/www.zuhause-pflegen.at\/index.php?rest_route=%2Fwp%2Fv2%2Fmedia&parent=26"}],"curies":[{"name":"wp","href":"https:\/\/api.w.org\/{rel}","templated":true}]}}