{"id":37,"date":"2024-05-08T09:19:55","date_gmt":"2024-05-08T07:19:55","guid":{"rendered":"http:\/\/www.zuhause-pflegen.at\/?page_id=37"},"modified":"2024-05-08T13:37:07","modified_gmt":"2024-05-08T11:37:07","slug":"kontakt","status":"publish","type":"page","link":"https:\/\/www.zuhause-pflegen.at\/?page_id=37","title":{"rendered":"Kontakt"},"content":{"rendered":"<p style=\"text-align: center;\">BeKaRo bietet Ihnen eine \u00f6sterreichweite Unterst\u00fctzung, um die perfekte Pflegekraft f\u00fcr Sie oder Ihre Angeh\u00f6rigen zu finden.<\/p>\n<p style=\"text-align: center;\">N\u00fctzen Sie die 24-Stunden-Pflege als Alternative zum Pflegeheim.<\/p>\n<p style=\"text-align: center;\">F\u00fcr Fragen steht Ihnen Frau Karin Schintelbacher per Mail oder Telefon, immer gerne zur Verf\u00fcgung.<\/p>\n<p style=\"text-align: center;\"><strong>E-Mail:\u00a0 \u00a0 \u00a0karin@zuhause-pflegen.at<br \/>(verwenden Sie auch gerne die unten stehende Mail-Funktion)<\/strong><\/p>\n<p style=\"text-align: center;\"><strong>Mobil: 0676 63 89 370<\/strong><\/p>\n\n<div class=\"wpforms-container wpforms-container-full wpforms-block wpforms-block-b94f9d74-fa16-49c5-9f43-df54ae7817a6 wpforms-render-modern\" id=\"wpforms-100\"><form id=\"wpforms-form-100\" class=\"wpforms-validate wpforms-form wpforms-ajax-form\" data-formid=\"100\" method=\"post\" enctype=\"multipart\/form-data\" action=\"\/index.php?rest_route=%2Fwp%2Fv2%2Fpages%2F37\" data-token=\"66440932ff95099ff52616a55a20e591\" data-token-time=\"1775894093\"><noscript class=\"wpforms-error-noscript\">Bitte aktiviere JavaScript in deinem Browser, um dieses Formular fertigzustellen.<\/noscript><div id=\"wpforms-error-noscript\" style=\"display: none;\">Bitte aktiviere JavaScript in deinem Browser, um dieses Formular fertigzustellen.<\/div><div class=\"wpforms-field-container\"><div id=\"wpforms-100-field_0-container\" class=\"wpforms-field wpforms-field-name\" data-field-id=\"0\"><fieldset><legend class=\"wpforms-field-label\">Name <span class=\"wpforms-required-label\" aria-hidden=\"true\">*<\/span><\/legend><div class=\"wpforms-field-row wpforms-field-medium\"><div class=\"wpforms-field-row-block wpforms-first wpforms-one-half\"><input type=\"text\" id=\"wpforms-100-field_0\" class=\"wpforms-field-name-first wpforms-field-required\" name=\"wpforms[fields][0][first]\" aria-errormessage=\"wpforms-100-field_0-error\" required><label for=\"wpforms-100-field_0\" class=\"wpforms-field-sublabel after\">Vorname<\/label><\/div><div class=\"wpforms-field-row-block wpforms-one-half\"><input type=\"text\" id=\"wpforms-100-field_0-last\" class=\"wpforms-field-name-last wpforms-field-required\" name=\"wpforms[fields][0][last]\" aria-errormessage=\"wpforms-100-field_0-last-error\" required><label for=\"wpforms-100-field_0-last\" class=\"wpforms-field-sublabel after\">Nachname<\/label><\/div><\/div><\/fieldset><\/div><div id=\"wpforms-100-field_1-container\" class=\"wpforms-field wpforms-field-email\" data-field-id=\"1\"><label class=\"wpforms-field-label\" for=\"wpforms-100-field_1\">E-Mail-Adresse <span class=\"wpforms-required-label\" aria-hidden=\"true\">*<\/span><\/label><input type=\"email\" id=\"wpforms-100-field_1\" class=\"wpforms-field-medium wpforms-field-required\" name=\"wpforms[fields][1]\" spellcheck=\"false\" aria-errormessage=\"wpforms-100-field_1-error\" required><\/div><div id=\"wpforms-100-field_2-container\" class=\"wpforms-field wpforms-field-textarea\" data-field-id=\"2\"><label class=\"wpforms-field-label\" for=\"wpforms-100-field_2\">Kommentar oder Nachricht<\/label><textarea id=\"wpforms-100-field_2\" class=\"wpforms-field-medium\" name=\"wpforms[fields][2]\" aria-errormessage=\"wpforms-100-field_2-error\" ><\/textarea><\/div><div id=\"wpforms-100-field_4-container\" class=\"wpforms-field wpforms-field-checkbox\" data-field-id=\"4\"><fieldset><legend class=\"wpforms-field-label\">Checkbox<\/legend><ul id=\"wpforms-100-field_4\"><li class=\"choice-1 depth-1\"><input type=\"checkbox\" id=\"wpforms-100-field_4_1\" name=\"wpforms[fields][4][]\" value=\"Bitte um tel. R\u00fcckruf\" aria-errormessage=\"wpforms-100-field_4_1-error\"  ><label class=\"wpforms-field-label-inline\" for=\"wpforms-100-field_4_1\">Bitte um tel. R\u00fcckruf<\/label><\/li><\/ul><\/fieldset><\/div><div id=\"wpforms-100-field_5-container\" class=\"wpforms-field wpforms-field-text\" data-field-id=\"5\"><label class=\"wpforms-field-label\" for=\"wpforms-100-field_5\">Meine R\u00fcckrufnummer:<\/label><input type=\"text\" id=\"wpforms-100-field_5\" class=\"wpforms-field-medium\" name=\"wpforms[fields][5]\" aria-errormessage=\"wpforms-100-field_5-error\" ><\/div><\/div><!-- .wpforms-field-container --><div class=\"wpforms-recaptcha-container wpforms-is-recaptcha wpforms-is-recaptcha-type-v3\" ><input type=\"hidden\" name=\"wpforms[recaptcha]\" value=\"\"><\/div><div class=\"wpforms-submit-container\" ><input type=\"hidden\" name=\"wpforms[id]\" value=\"100\"><input type=\"hidden\" name=\"page_title\" value=\"\"><input type=\"hidden\" name=\"page_url\" value=\"https:\/\/www.zuhause-pflegen.at\/index.php?rest_route=\/wp\/v2\/pages\/37\"><input type=\"hidden\" name=\"url_referer\" value=\"\"><button type=\"submit\" name=\"wpforms[submit]\" id=\"wpforms-submit-100\" class=\"wpforms-submit\" data-alt-text=\"Wird gesendet\u00a0\u2026\" data-submit-text=\"Absenden\" aria-live=\"assertive\" value=\"wpforms-submit\">Absenden<\/button><img loading=\"lazy\" decoding=\"async\" src=\"https:\/\/www.zuhause-pflegen.at\/wp-content\/plugins\/wpforms-lite\/assets\/images\/submit-spin.svg\" class=\"wpforms-submit-spinner\" style=\"display: none;\" width=\"26\" height=\"26\" alt=\"Wird geladen\"><\/div><\/form><\/div>  <!-- .wpforms-container -->","protected":false},"excerpt":{"rendered":"<p>BeKaRo bietet Ihnen eine \u00f6sterreichweite Unterst\u00fctzung, um die perfekte Pflegekraft f\u00fcr Sie oder Ihre Angeh\u00f6rigen zu finden. N\u00fctzen Sie die 24-Stunden-Pflege als Alternative zum Pflegeheim. F\u00fcr Fragen steht Ihnen Frau [&hellip;]<\/p>\n","protected":false},"author":1,"featured_media":0,"parent":0,"menu_order":0,"comment_status":"closed","ping_status":"closed","template":"","meta":{"footnotes":""},"class_list":["post-37","page","type-page","status-publish","hentry"],"aioseo_notices":[],"amp_enabled":true,"_links":{"self":[{"href":"https:\/\/www.zuhause-pflegen.at\/index.php?rest_route=\/wp\/v2\/pages\/37","targetHints":{"allow":["GET"]}}],"collection":[{"href":"https:\/\/www.zuhause-pflegen.at\/index.php?rest_route=\/wp\/v2\/pages"}],"about":[{"href":"https:\/\/www.zuhause-pflegen.at\/index.php?rest_route=\/wp\/v2\/types\/page"}],"author":[{"embeddable":true,"href":"https:\/\/www.zuhause-pflegen.at\/index.php?rest_route=\/wp\/v2\/users\/1"}],"replies":[{"embeddable":true,"href":"https:\/\/www.zuhause-pflegen.at\/index.php?rest_route=%2Fwp%2Fv2%2Fcomments&post=37"}],"version-history":[{"count":6,"href":"https:\/\/www.zuhause-pflegen.at\/index.php?rest_route=\/wp\/v2\/pages\/37\/revisions"}],"predecessor-version":[{"id":112,"href":"https:\/\/www.zuhause-pflegen.at\/index.php?rest_route=\/wp\/v2\/pages\/37\/revisions\/112"}],"wp:attachment":[{"href":"https:\/\/www.zuhause-pflegen.at\/index.php?rest_route=%2Fwp%2Fv2%2Fmedia&parent=37"}],"curies":[{"name":"wp","href":"https:\/\/api.w.org\/{rel}","templated":true}]}}