{"id":91,"date":"2024-05-08T09:37:58","date_gmt":"2024-05-08T07:37:58","guid":{"rendered":"https:\/\/www.zuhause-pflegen.at\/?page_id=91"},"modified":"2024-05-16T13:44:24","modified_gmt":"2024-05-16T11:44:24","slug":"ueber-mich","status":"publish","type":"page","link":"https:\/\/www.zuhause-pflegen.at\/","title":{"rendered":"\u00dcber mich"},"content":{"rendered":"\n<p>Ich darf mich und meine Dienste kurz vorstellen:<br>\u00a0<br>Mein Name ist Schintelbacher Karin und wohne in Rottenmann \/ Obersteiermark. Ich bin seit 2005 Pflegehelferin und Sozialfachbetreuerin mit abgeschlossener Ausbildung.<br>\u00a0<br>Nachdem ich jahrelang in einem Betreuungsheim gearbeitet habe \u2013 wei\u00df ich aus eigener Erfahrung \u2013 wie schwer es f\u00fcr \u00e4ltere Menschen ist, sich auf die neue Situation einzustellen.<br>\u00a0<br>Um diese Menschen nicht aus ihrem pers\u00f6nlichen Umfeld und gewohnter Umgebung herauszurei\u00dfen, biete ich die M\u00f6glichkeit einer 24-Stunden Betreuung zu Hause an.<br>\u00a0<br>Nach dem Motto: \u201cEinen alten Baum verpflanzt man nicht!\u201c<br>\u00a0<br>Meine Pflegerinnen wechseln sich im 28-Tage-Rhythmus ab, damit Pflegerin und die zu betreuende Person genug Zeit haben, um pers\u00f6nliche Bindungen entstehen zu lassen. Gerade in der Pflege spielt Vertrauen eine gro\u00dfe und wichtige Rolle.<br>\u00a0<br>\u00a0<br>E-Mail: karin@zuhause-pflegen.at<br>Mobil: 0676 63 89 370<\/p>\n","protected":false},"excerpt":{"rendered":"<p>Ich darf mich und meine Dienste kurz vorstellen:\u00a0Mein Name ist Schintelbacher Karin und wohne in Rottenmann \/ Obersteiermark. Ich bin seit 2005 Pflegehelferin und Sozialfachbetreuerin mit abgeschlossener Ausbildung.\u00a0Nachdem ich jahrelang [&hellip;]<\/p>\n","protected":false},"author":1,"featured_media":0,"parent":0,"menu_order":0,"comment_status":"closed","ping_status":"closed","template":"","meta":{"footnotes":""},"class_list":["post-91","page","type-page","status-publish","hentry"],"aioseo_notices":[],"amp_enabled":false,"_links":{"self":[{"href":"https:\/\/www.zuhause-pflegen.at\/index.php?rest_route=\/wp\/v2\/pages\/91","targetHints":{"allow":["GET"]}}],"collection":[{"href":"https:\/\/www.zuhause-pflegen.at\/index.php?rest_route=\/wp\/v2\/pages"}],"about":[{"href":"https:\/\/www.zuhause-pflegen.at\/index.php?rest_route=\/wp\/v2\/types\/page"}],"author":[{"embeddable":true,"href":"https:\/\/www.zuhause-pflegen.at\/index.php?rest_route=\/wp\/v2\/users\/1"}],"replies":[{"embeddable":true,"href":"https:\/\/www.zuhause-pflegen.at\/index.php?rest_route=%2Fwp%2Fv2%2Fcomments&post=91"}],"version-history":[{"count":2,"href":"https:\/\/www.zuhause-pflegen.at\/index.php?rest_route=\/wp\/v2\/pages\/91\/revisions"}],"predecessor-version":[{"id":94,"href":"https:\/\/www.zuhause-pflegen.at\/index.php?rest_route=\/wp\/v2\/pages\/91\/revisions\/94"}],"wp:attachment":[{"href":"https:\/\/www.zuhause-pflegen.at\/index.php?rest_route=%2Fwp%2Fv2%2Fmedia&parent=91"}],"curies":[{"name":"wp","href":"https:\/\/api.w.org\/{rel}","templated":true}]}}